{"id":2975,"date":"2020-04-05T22:09:03","date_gmt":"2020-04-06T01:09:03","guid":{"rendered":"http:\/\/template1.bs2.com.br\/profissionais-saude\/?page_id=2975"},"modified":"2020-04-06T01:37:45","modified_gmt":"2020-04-06T04:37:45","slug":"registro","status":"publish","type":"page","link":"https:\/\/www.prcardio.org\/profissionais-saude\/registro\/","title":{"rendered":"registro"},"content":{"rendered":"<!--themify_builder_content-->\n<div id=\"themify_builder_content-2975\" data-postid=\"2975\" class=\"themify_builder_content themify_builder_content-2975 themify_builder tf_clear\">\n    \t<!-- module_row -->\n\t<div  data-lazy=\"1\" class=\"module_row themify_builder_row tb_owjd197 tb_first tf_clearfix\">\n\t    \t\t<div class=\"row_inner col_align_top tf_box tf_w tf_rel\">\n\t\t\t<div  data-lazy=\"1\" class=\"module_column tb-column col-full first tb_iwll198 tf_box\">\n\t\t\t    \t        <div class=\"tb-column-inner tf_box tf_w\">\n\t\t    <!-- module text -->\n<div  class=\"module module-text tb_wg7a676   \" data-lazy=\"1\">\n        <div  class=\"tb_text_wrap\">\n    <p>Caro, colega: este conte\u00fado \u00e9 estritamente para uso pessoal e educativo, com foco em profissionais m\u00e9dicos ou estudantes de Medicina. N\u00e3o pode ser difundido para p\u00fablico leigo, conforme resolu\u00e7\u00e3o do Conselho Federal de Medicina \u2013 2011 (http:\/\/www.portalmedico.org.br\/resolucoes\/<br \/>CFM\/2011\/1974_2011.pdf)<\/p>\n\t<div class='user-registration ur-frontend-form   ' id='user-registration-form-2964'>\n\t\t\t\t\t\t\t\t<form method='post' class='register' data-form-id=\"2964\"\n\t\t\t\tdata-enable-strength-password=\"\" data-minimum-password-strength=\"3\"\n\t\t\t\t\t\t\t\t\t\t\t\t\t\t\t data-captcha-enabled=\"1\">\n\n\t\t\t\t<div class=\"ur-form-row\" data-row-id=\"0\">\t\t\t\t\t\t\t<div class=\"ur-form-grid ur-grid-1\"\n\t\t\t\t\t\t\t\tstyle=\"width:99%\">\n\t\t\t\t\t\t\t\t\t\t\t\t\t\t\t\t<div  data-field-id=\"user_login\" class=\"ur-field-item field-user_login \" data-ref-id=\"user_login\" data-field-pattern-enabled=\"0\" data-field-pattern-value=\" \" data-field-pattern-message=\" \">\n\t\t\t\t\t\t\t\t\t\t<div class=\"form-row validate-required\" id=\"user_login_field\" data-priority=\"\" ><label for=\"user_login\" class=\"ur-label\">Usu\u00e1rio <abbr class=\"required\" title=\"required\">*<\/abbr><\/label> <span class=\"input-wrapper\"> <input  data-rules=\"\" data-id=\"user_login\" type=\"text\" class=\"input-text   input-text ur-frontend-field  \" name=\"user_login\" id=\"user_login\" placeholder=\"\"  value=\"\" required=\"required\" data-label=\"Usu\u00e1rio\" \/> <\/span> <\/div>\t\t\t\t\t\t\t\t\t<\/div>\n\t\t\t\t\t\t\t\t\t\t\t\t\t\t\t\t\t\t<div  data-field-id=\"input_box_1586144123\" class=\"ur-field-item field-text \" data-ref-id=\"input_box_1586144123\" data-field-pattern-enabled=\"0\" data-field-pattern-value=\" \" data-field-pattern-message=\" \">\n\t\t\t\t\t\t\t\t\t\t<div class=\"form-row \" id=\"input_box_1586144123_field\" data-priority=\"\" ><label for=\"input_box_1586144123\" class=\"ur-label\">Nome Completo<\/label> <span class=\"input-wrapper\"> <input  data-rules=\"\" data-id=\"input_box_1586144123\" type=\"text\" class=\"input-text   input-text ur-frontend-field  \" name=\"input_box_1586144123\" id=\"input_box_1586144123\" placeholder=\"\"  value=\"\" data-label=\"Nome Completo\" maxlength=\"20\" \/> <\/span> <\/div>\t\t\t\t\t\t\t\t\t<\/div>\n\t\t\t\t\t\t\t\t\t\t\t\t\t\t\t\t\t\t<div  data-field-id=\"input_box_1586143940063\" class=\"ur-field-item field-text \" data-ref-id=\"input_box_1586143940063\" data-field-pattern-enabled=\"0\" data-field-pattern-value=\" \" data-field-pattern-message=\" \">\n\t\t\t\t\t\t\t\t\t\t<div class=\"form-row \" id=\"input_box_1586143940063_field\" data-priority=\"\" ><label for=\"input_box_1586143940063\" class=\"ur-label\">Cidade<\/label> <span class=\"input-wrapper\"> <input  data-rules=\"\" data-id=\"input_box_1586143940063\" type=\"text\" class=\"input-text   input-text ur-frontend-field  \" name=\"input_box_1586143940063\" id=\"input_box_1586143940063\" placeholder=\"\"  value=\"\" data-label=\"Cidade\" maxlength=\"20\" \/> <\/span> <\/div>\t\t\t\t\t\t\t\t\t<\/div>\n\t\t\t\t\t\t\t\t\t\t\t\t\t\t\t\t\t\t<div  data-field-id=\"user_email\" class=\"ur-field-item field-user_email \" data-ref-id=\"user_email\" data-field-pattern-enabled=\"0\" data-field-pattern-value=\" \" data-field-pattern-message=\" \">\n\t\t\t\t\t\t\t\t\t\t<div class=\"form-row validate-required\" id=\"user_email_field\" data-priority=\"\" ><label for=\"user_email\" class=\"ur-label\">E-mail <abbr class=\"required\" title=\"required\">*<\/abbr><\/label> <span class=\"input-wrapper\"> <input  data-rules=\"\" data-id=\"user_email\" type=\"email\" class=\"input-text   input-email ur-frontend-field  \" name=\"user_email\" id=\"user_email\" placeholder=\"\"  value=\"\" required=\"required\" data-label=\"E-mail\" \/> <\/span> <\/div>\t\t\t\t\t\t\t\t\t<\/div>\n\t\t\t\t\t\t\t\t\t\t\t\t\t\t\t\t\t\t<div  data-field-id=\"input_box_1586143982549\" class=\"ur-field-item field-text \" data-ref-id=\"input_box_1586143982549\" data-field-pattern-enabled=\"0\" data-field-pattern-value=\" \" data-field-pattern-message=\" \">\n\t\t\t\t\t\t\t\t\t\t<div class=\"form-row \" id=\"input_box_1586143982549_field\" data-priority=\"\" ><label for=\"input_box_1586143982549\" class=\"ur-label\">N\u00famero do Conselho<\/label> <span class=\"input-wrapper\"> <input  data-rules=\"\" data-id=\"input_box_1586143982549\" type=\"text\" class=\"input-text   input-text ur-frontend-field  \" name=\"input_box_1586143982549\" id=\"input_box_1586143982549\" placeholder=\"\"  value=\"\" data-label=\"N\u00famero do Conselho\" maxlength=\"20\" \/> <\/span> <\/div>\t\t\t\t\t\t\t\t\t<\/div>\n\t\t\t\t\t\t\t\t\t\t\t\t\t\t\t\t\t\t<div  data-field-id=\"user_pass\" class=\"ur-field-item field-user_pass \" data-ref-id=\"user_pass\" data-field-pattern-enabled=\"0\" data-field-pattern-value=\" \" data-field-pattern-message=\" \">\n\t\t\t\t\t\t\t\t\t\t<div class=\"form-row validate-required hide_show_password\" id=\"user_pass_field\" data-priority=\"\"><label for=\"user_pass\" class=\"ur-label\">Senha <abbr class=\"required\" title=\"required\">*<\/abbr><\/label> <span class=\"input-wrapper\"> <span class=\"password-input-group input-form-field-icons\"><input data-rules=\"\" data-id=\"user_pass\" type=\"password\" class=\"input-text  input-password ur-frontend-field  \" name=\"user_pass\" id=\"user_pass\" placeholder=\"\"  value=\"\" required=\"required\" data-label=\"Senha\" \/><\/span> <\/span> <\/div>\t\t\t\t\t\t\t\t\t<\/div>\n\t\t\t\t\t\t\t\t\t\t\t\t\t\t\t\t\t\t<div  data-field-id=\"user_confirm_password\" class=\"ur-field-item field-user_confirm_password \" data-ref-id=\"user_confirm_password\" data-field-pattern-enabled=\"0\" data-field-pattern-value=\" \" data-field-pattern-message=\" \">\n\t\t\t\t\t\t\t\t\t\t<div class=\"form-row validate-required hide_show_password\" id=\"user_confirm_password_field\" data-priority=\"\"><label for=\"user_confirm_password\" class=\"ur-label\">Confirmar Senha <abbr class=\"required\" title=\"required\">*<\/abbr><\/label> <span class=\"input-wrapper\"> <span class=\"password-input-group input-form-field-icons\"><input data-rules=\"\" data-id=\"user_confirm_password\" type=\"password\" class=\"input-text  input-password ur-frontend-field  \" name=\"user_confirm_password\" id=\"user_confirm_password\" placeholder=\"\"  value=\"\" required=\"required\" data-label=\"Confirmar Senha\" \/><\/span> <\/span> <\/div>\t\t\t\t\t\t\t\t\t<\/div>\n\t\t\t\t\t\t\t\t\t\t\t\t\t\t\t\t<\/div>\n\t\t\t\t\t\t\t\t\t\t\t\t\t<\/div>\n\t\t\t\t\t\t\t\t\t\t\t\t<div id=\"ur-recaptcha-node\"> <div id=\"node_recaptcha_register\" class=\"g-recaptcha\"><\/div><\/div>\t\t\t\t\t\t<div class=\"ur-button-container \" >\n\t\t\t\t\t\t\t\t\t\t\t\t\t\t<button type=\"submit\" class=\"btn button ur-submit-button \"  conditional_rules=\"&quot;&quot;\">\n\t\t\t\t\t\t\t\t<span><\/span>\n\t\t\t\t\t\t\t\tEnviar\t\t\t\t\t\t\t<\/button>\n\t\t\t\t\t\t\t\t\t\t\t\t\t\t\t\t\t\t\t\t<\/div>\n\t\t\t\t\t\t\n\t\t\t\t<div style=\"clear:both\"><\/div>\n\t\t\t\t\t\t\t\t<input type=\"hidden\" name=\"ur-registration-language\" value=\"pt-BR\"\/>\n\t\t\t\t<input type=\"hidden\" name=\"ur-user-form-id\" value=\"2964\"\/>\n\t\t\t\t<input type=\"hidden\" name=\"ur-redirect-url\" value=\"\"\/>\n\t\t\t\t<input type=\"hidden\" id=\"ur_frontend_form_nonce\" name=\"ur_frontend_form_nonce\" value=\"9cf00fd6d7\" \/>\n\t\t\t\t\n\t\t\t<\/form>\n\t\t\t\n\t\t<div style=\"clear:both\"><\/div>\n\t<\/div>\n\n    <\/div>\n<\/div>\n<!-- \/module text -->\t        <\/div>\n\t    \t<\/div>\n\t\t    <\/div>\n\t    <!-- \/row_inner -->\n\t<\/div>\n\t<!-- \/module_row -->\n\t<\/div>\n<!--\/themify_builder_content-->","protected":false},"excerpt":{"rendered":"<p>Caro, colega: este conte\u00fado \u00e9 estritamente para uso pessoal e educativo, com foco em profissionais m\u00e9dicos ou estudantes de Medicina. N\u00e3o pode ser difundido para p\u00fablico leigo, conforme resolu\u00e7\u00e3o do Conselho Federal de Medicina \u2013 2011 (http:\/\/www.portalmedico.org.br\/resolucoes\/CFM\/2011\/1974_2011.pdf)<\/p>\n","protected":false},"author":1,"featured_media":0,"parent":0,"menu_order":0,"comment_status":"closed","ping_status":"closed","template":"","meta":{"footnotes":""},"class_list":["post-2975","page","type-page","status-publish","hentry","has-post-title","has-post-date","has-post-category","has-post-tag","has-post-comment","has-post-author",""],"yoast_head":"<!-- This site is optimized with the Yoast SEO plugin v27.4 - https:\/\/yoast.com\/product\/yoast-seo-wordpress\/ -->\n<title>SPC - Sociedade Paranaense de Cardiologia<\/title>\n<meta name=\"robots\" content=\"index, follow, max-snippet:-1, max-image-preview:large, max-video-preview:-1\" \/>\n<link rel=\"canonical\" href=\"https:\/\/www.prcardio.org\/profissionais-saude\/registro\/\" \/>\n<meta property=\"og:locale\" content=\"pt_BR\" \/>\n<meta property=\"og:type\" content=\"article\" \/>\n<meta property=\"og:title\" content=\"SPC - Sociedade Paranaense de Cardiologia\" \/>\n<meta property=\"og:description\" content=\"Caro, colega: este conte\u00fado \u00e9 estritamente para uso pessoal e educativo, com foco em profissionais m\u00e9dicos ou estudantes de Medicina. N\u00e3o pode ser difundido para p\u00fablico leigo, conforme resolu\u00e7\u00e3o do Conselho Federal de Medicina \u2013 2011 (http:\/\/www.portalmedico.org.br\/resolucoes\/CFM\/2011\/1974_2011.pdf)\" \/>\n<meta property=\"og:url\" content=\"https:\/\/www.prcardio.org\/profissionais-saude\/registro\/\" \/>\n<meta property=\"og:site_name\" content=\"SPC - Sociedade Paranaense de Cardiologia\" \/>\n<meta property=\"article:modified_time\" content=\"2020-04-06T04:37:45+00:00\" \/>\n<meta name=\"twitter:card\" content=\"summary_large_image\" \/>\n<script type=\"application\/ld+json\" class=\"yoast-schema-graph\">{\"@context\":\"https:\\\/\\\/schema.org\",\"@graph\":[{\"@type\":\"WebPage\",\"@id\":\"https:\\\/\\\/www.prcardio.org\\\/profissionais-saude\\\/registro\\\/\",\"url\":\"https:\\\/\\\/www.prcardio.org\\\/profissionais-saude\\\/registro\\\/\",\"name\":\"SPC - Sociedade Paranaense de Cardiologia\",\"isPartOf\":{\"@id\":\"https:\\\/\\\/www.prcardio.org\\\/profissionais-saude\\\/#website\"},\"datePublished\":\"2020-04-06T01:09:03+00:00\",\"dateModified\":\"2020-04-06T04:37:45+00:00\",\"breadcrumb\":{\"@id\":\"https:\\\/\\\/www.prcardio.org\\\/profissionais-saude\\\/registro\\\/#breadcrumb\"},\"inLanguage\":\"pt-BR\",\"potentialAction\":[{\"@type\":\"ReadAction\",\"target\":[\"https:\\\/\\\/www.prcardio.org\\\/profissionais-saude\\\/registro\\\/\"]}]},{\"@type\":\"BreadcrumbList\",\"@id\":\"https:\\\/\\\/www.prcardio.org\\\/profissionais-saude\\\/registro\\\/#breadcrumb\",\"itemListElement\":[{\"@type\":\"ListItem\",\"position\":1,\"name\":\"In\u00edcio\",\"item\":\"https:\\\/\\\/www.prcardio.org\\\/profissionais-saude\\\/\"},{\"@type\":\"ListItem\",\"position\":2,\"name\":\"registro\"}]},{\"@type\":\"WebSite\",\"@id\":\"https:\\\/\\\/www.prcardio.org\\\/profissionais-saude\\\/#website\",\"url\":\"https:\\\/\\\/www.prcardio.org\\\/profissionais-saude\\\/\",\"name\":\"SPC - Sociedade Paranaense de Cardiologia\",\"description\":\"\",\"potentialAction\":[{\"@type\":\"SearchAction\",\"target\":{\"@type\":\"EntryPoint\",\"urlTemplate\":\"https:\\\/\\\/www.prcardio.org\\\/profissionais-saude\\\/?s={search_term_string}\"},\"query-input\":{\"@type\":\"PropertyValueSpecification\",\"valueRequired\":true,\"valueName\":\"search_term_string\"}}],\"inLanguage\":\"pt-BR\"}]}<\/script>\n<!-- \/ Yoast SEO plugin. -->","yoast_head_json":{"title":"SPC - Sociedade Paranaense de Cardiologia","robots":{"index":"index","follow":"follow","max-snippet":"max-snippet:-1","max-image-preview":"max-image-preview:large","max-video-preview":"max-video-preview:-1"},"canonical":"https:\/\/www.prcardio.org\/profissionais-saude\/registro\/","og_locale":"pt_BR","og_type":"article","og_title":"SPC - Sociedade Paranaense de Cardiologia","og_description":"Caro, colega: este conte\u00fado \u00e9 estritamente para uso pessoal e educativo, com foco em profissionais m\u00e9dicos ou estudantes de Medicina. N\u00e3o pode ser difundido para p\u00fablico leigo, conforme resolu\u00e7\u00e3o do Conselho Federal de Medicina \u2013 2011 (http:\/\/www.portalmedico.org.br\/resolucoes\/CFM\/2011\/1974_2011.pdf)","og_url":"https:\/\/www.prcardio.org\/profissionais-saude\/registro\/","og_site_name":"SPC - Sociedade Paranaense de Cardiologia","article_modified_time":"2020-04-06T04:37:45+00:00","twitter_card":"summary_large_image","schema":{"@context":"https:\/\/schema.org","@graph":[{"@type":"WebPage","@id":"https:\/\/www.prcardio.org\/profissionais-saude\/registro\/","url":"https:\/\/www.prcardio.org\/profissionais-saude\/registro\/","name":"SPC - Sociedade Paranaense de Cardiologia","isPartOf":{"@id":"https:\/\/www.prcardio.org\/profissionais-saude\/#website"},"datePublished":"2020-04-06T01:09:03+00:00","dateModified":"2020-04-06T04:37:45+00:00","breadcrumb":{"@id":"https:\/\/www.prcardio.org\/profissionais-saude\/registro\/#breadcrumb"},"inLanguage":"pt-BR","potentialAction":[{"@type":"ReadAction","target":["https:\/\/www.prcardio.org\/profissionais-saude\/registro\/"]}]},{"@type":"BreadcrumbList","@id":"https:\/\/www.prcardio.org\/profissionais-saude\/registro\/#breadcrumb","itemListElement":[{"@type":"ListItem","position":1,"name":"In\u00edcio","item":"https:\/\/www.prcardio.org\/profissionais-saude\/"},{"@type":"ListItem","position":2,"name":"registro"}]},{"@type":"WebSite","@id":"https:\/\/www.prcardio.org\/profissionais-saude\/#website","url":"https:\/\/www.prcardio.org\/profissionais-saude\/","name":"SPC - Sociedade Paranaense de Cardiologia","description":"","potentialAction":[{"@type":"SearchAction","target":{"@type":"EntryPoint","urlTemplate":"https:\/\/www.prcardio.org\/profissionais-saude\/?s={search_term_string}"},"query-input":{"@type":"PropertyValueSpecification","valueRequired":true,"valueName":"search_term_string"}}],"inLanguage":"pt-BR"}]}},"builder_content":"<p>Caro, colega: este conte\u00fado \u00e9 estritamente para uso pessoal e educativo, com foco em profissionais m\u00e9dicos ou estudantes de Medicina. N\u00e3o pode ser difundido para p\u00fablico leigo, conforme resolu\u00e7\u00e3o do Conselho Federal de Medicina \u2013 2011 (http:\/\/www.portalmedico.org.br\/resolucoes\/<br \/>CFM\/2011\/1974_2011.pdf)<\/p> <p>[user_registration_form id=\"2964\"]<\/p>","_links":{"self":[{"href":"https:\/\/www.prcardio.org\/profissionais-saude\/wp-json\/wp\/v2\/pages\/2975","targetHints":{"allow":["GET"]}}],"collection":[{"href":"https:\/\/www.prcardio.org\/profissionais-saude\/wp-json\/wp\/v2\/pages"}],"about":[{"href":"https:\/\/www.prcardio.org\/profissionais-saude\/wp-json\/wp\/v2\/types\/page"}],"author":[{"embeddable":true,"href":"https:\/\/www.prcardio.org\/profissionais-saude\/wp-json\/wp\/v2\/users\/1"}],"replies":[{"embeddable":true,"href":"https:\/\/www.prcardio.org\/profissionais-saude\/wp-json\/wp\/v2\/comments?post=2975"}],"version-history":[{"count":10,"href":"https:\/\/www.prcardio.org\/profissionais-saude\/wp-json\/wp\/v2\/pages\/2975\/revisions"}],"predecessor-version":[{"id":3018,"href":"https:\/\/www.prcardio.org\/profissionais-saude\/wp-json\/wp\/v2\/pages\/2975\/revisions\/3018"}],"wp:attachment":[{"href":"https:\/\/www.prcardio.org\/profissionais-saude\/wp-json\/wp\/v2\/media?parent=2975"}],"curies":[{"name":"wp","href":"https:\/\/api.w.org\/{rel}","templated":true}]}}