{"id":3146,"date":"2020-04-16T16:30:37","date_gmt":"2020-04-16T19:30:37","guid":{"rendered":"http:\/\/template1.bs2.com.br\/profissionais-saude\/?page_id=3146"},"modified":"2022-03-16T16:50:29","modified_gmt":"2022-03-16T19:50:29","slug":"videos","status":"publish","type":"page","link":"https:\/\/www.prcardio.org\/profissionais-saude\/midia\/videos\/","title":{"rendered":"Videos"},"content":{"rendered":"<p><span class=\"wppb-frontend-restriction-message wppb-content-restriction-message\">Caro, colega: este conte\u00fado \u00e9 estritamente para uso pessoal e educativo, com foco em profissionais m\u00e9dicos ou estudantes de Medicina. N\u00e3o pode ser difundido para p\u00fablico leigo, conforme resolu\u00e7\u00e3o do Conselho Federal de Medicina \u2013 2011 (http:\/\/www.portalmedico.org.br\/resolucoes\/<br \/>\nCFM\/2011\/1974_2011.pdf)<\/p>\n<p><strong class=\"nowrap\"><div id=\"wppb-login-wrap\" class=\"wppb-user-forms\">\n\t\t<form name=\"wppb-loginform\" id=\"wppb-loginform\" class=\"\" action=\"https:\/\/www.prcardio.org\/profissionais-saude\/wp-json\/wp\/v2\/pages\/3146\" method=\"post\">\n\t\t\t\n\t\t\t<p class=\"wppb-form-field login-username\">\n\t\t\t\t<label for=\"wppb_user_login\">Email<\/label>\n\t\t\t\t<input type=\"email\" name=\"log\" id=\"wppb_user_login\" class=\"input\" value=\"\" size=\"20\" \/>\n\t\t\t<\/p>\n\t\t\t<p class=\"wppb-form-field login-password\">\n\t\t\t\t<label for=\"wppb_user_pass\">Password<\/label>\n\t\t\t\t<span class=\"wppb-password-field-container\">\n\t\t\t\t    <input type=\"password\" name=\"pwd\" id=\"wppb_user_pass\" class=\"input\" value=\"\" size=\"20\" \/>\n\t\t\t\t     <!-- add the HTML for the visibility toggle -->\n\t\t\t\t<\/span>\n            <\/p>\n\t\t\t\n\t\t\t\n\t\t\t<p class=\"wppb-form-field login-remember\"><input name=\"rememberme\" type=\"checkbox\" id=\"rememberme\" value=\"forever\" \/><label for=\"rememberme\">Remember Me<\/label><\/p>\n\t\t\t<p class=\"login-submit form-submit\">\n\t\t\t\t<input type=\"submit\" name=\"wp-submit\" id=\"wppb-submit\" class=\"button button-primary\" value=\"Log In\"\" \/>\n\t\t\t\t<input type=\"hidden\" name=\"redirect_to\" value=\"https:\/\/www.prcardio.org\/profissionais-saude\/wp-json\/wp\/v2\/pages\/3146\" \/>\n\t\t\t<\/p>\n\t\t\t<input type=\"hidden\" name=\"wppb_login\" value=\"true\"\/>\n\t\t\t<input type=\"hidden\" name=\"wppb_form_location\" value=\"widget\"\/>\n\t\t\t<input type=\"hidden\" name=\"wppb_request_url\" value=\"https:\/\/www.prcardio.org\/profissionais-saude\/wp-json\/wp\/v2\/pages\/3146\"\/>\n\t\t\t<input type=\"hidden\" name=\"wppb_lostpassword_url\" value=\"\"\/>\n\t\t\t<input type=\"hidden\" name=\"wppb_redirect_priority\" value=\"\"\/>\n\t\t\t<input type=\"hidden\" name=\"wppb_referer_url\" value=\"\"\/>\n\t\t\t<input type=\"hidden\" id=\"CSRFToken-wppb\" name=\"CSRFToken-wppb\" value=\"2b94bb43e2\" \/><input type=\"hidden\" name=\"_wp_http_referer\" value=\"\/profissionais-saude\/wp-json\/wp\/v2\/pages\/3146\" \/>\n\t\t\t<input type=\"hidden\" name=\"wppb_redirect_check\" value=\"true\"\/>\n\t\t\t\n\t\t<\/form><script>window.onload = function() { jQuery(document).ready(function($) { $(\"input[name=\\\"log\\\"]\").on(\"keyup\", function() { $(this).val( $.trim($(this).val()) ); }); }); }<\/script><\/div><\/strong><\/p>\n<p>N\u00e3o tem registro, clique <a href=\"http:\/\/www.prcardio.org\/profissionais-saude\/registro\/\">aqui<\/a><\/p>\n<p>&nbsp;<\/span><\/p>\n","protected":false},"excerpt":{"rendered":"<p>Caro, colega: este conte\u00fado \u00e9 estritamente para uso pessoal e educativo, com foco em profissionais m\u00e9dicos ou estudantes de Medicina. N\u00e3o pode ser difundido para p\u00fablico leigo, conforme resolu\u00e7\u00e3o do Conselho Federal de Medicina \u2013 2011 (http:\/\/www.portalmedico.org.br\/resolucoes\/ CFM\/2011\/1974_2011.pdf) Email Password Remember Me<\/p>\n","protected":false},"author":1,"featured_media":0,"parent":4165,"menu_order":0,"comment_status":"closed","ping_status":"closed","template":"","meta":{"footnotes":""},"class_list":["post-3146","page","type-page","status-publish","hentry","has-post-title","has-post-date","has-post-category","has-post-tag","has-post-comment","has-post-author",""],"yoast_head":"<!-- This site is optimized with the Yoast SEO plugin v27.4 - https:\/\/yoast.com\/product\/yoast-seo-wordpress\/ -->\n<title>SPC - Sociedade Paranaense de Cardiologia<\/title>\n<meta name=\"robots\" content=\"index, follow, max-snippet:-1, max-image-preview:large, max-video-preview:-1\" \/>\n<link rel=\"canonical\" href=\"https:\/\/www.prcardio.org\/profissionais-saude\/midia\/videos\/\" \/>\n<meta property=\"og:locale\" content=\"pt_BR\" \/>\n<meta property=\"og:type\" content=\"article\" \/>\n<meta property=\"og:title\" content=\"SPC - Sociedade Paranaense de Cardiologia\" \/>\n<meta property=\"og:description\" content=\"Caro, colega: este conte\u00fado \u00e9 estritamente para uso pessoal e educativo, com foco em profissionais m\u00e9dicos ou estudantes de Medicina. N\u00e3o pode ser difundido para p\u00fablico leigo, conforme resolu\u00e7\u00e3o do Conselho Federal de Medicina \u2013 2011 (http:\/\/www.portalmedico.org.br\/resolucoes\/ CFM\/2011\/1974_2011.pdf) Email Password Remember Me\" \/>\n<meta property=\"og:url\" content=\"https:\/\/www.prcardio.org\/profissionais-saude\/midia\/videos\/\" \/>\n<meta property=\"og:site_name\" content=\"SPC - Sociedade Paranaense de Cardiologia\" \/>\n<meta property=\"article:modified_time\" content=\"2022-03-16T19:50:29+00:00\" \/>\n<meta property=\"og:image\" content=\"https:\/\/prcardio.org\/profissionais-saude\/wp-content\/uploads\/sites\/2\/2021\/09\/imagem_2021-09-17_113838-1024x538-450x300.png\" \/>\n<meta name=\"twitter:card\" content=\"summary_large_image\" \/>\n<script type=\"application\/ld+json\" class=\"yoast-schema-graph\">{\"@context\":\"https:\\\/\\\/schema.org\",\"@graph\":[{\"@type\":\"WebPage\",\"@id\":\"https:\\\/\\\/www.prcardio.org\\\/profissionais-saude\\\/midia\\\/videos\\\/\",\"url\":\"https:\\\/\\\/www.prcardio.org\\\/profissionais-saude\\\/midia\\\/videos\\\/\",\"name\":\"SPC - Sociedade Paranaense de Cardiologia\",\"isPartOf\":{\"@id\":\"https:\\\/\\\/www.prcardio.org\\\/profissionais-saude\\\/#website\"},\"primaryImageOfPage\":{\"@id\":\"https:\\\/\\\/www.prcardio.org\\\/profissionais-saude\\\/midia\\\/videos\\\/#primaryimage\"},\"image\":{\"@id\":\"https:\\\/\\\/www.prcardio.org\\\/profissionais-saude\\\/midia\\\/videos\\\/#primaryimage\"},\"thumbnailUrl\":\"https:\\\/\\\/prcardio.org\\\/profissionais-saude\\\/wp-content\\\/uploads\\\/sites\\\/2\\\/2021\\\/09\\\/imagem_2021-09-17_113838-1024x538-450x300.png\",\"datePublished\":\"2020-04-16T19:30:37+00:00\",\"dateModified\":\"2022-03-16T19:50:29+00:00\",\"breadcrumb\":{\"@id\":\"https:\\\/\\\/www.prcardio.org\\\/profissionais-saude\\\/midia\\\/videos\\\/#breadcrumb\"},\"inLanguage\":\"pt-BR\",\"potentialAction\":[{\"@type\":\"ReadAction\",\"target\":[\"https:\\\/\\\/www.prcardio.org\\\/profissionais-saude\\\/midia\\\/videos\\\/\"]}]},{\"@type\":\"ImageObject\",\"inLanguage\":\"pt-BR\",\"@id\":\"https:\\\/\\\/www.prcardio.org\\\/profissionais-saude\\\/midia\\\/videos\\\/#primaryimage\",\"url\":\"https:\\\/\\\/prcardio.org\\\/profissionais-saude\\\/wp-content\\\/uploads\\\/sites\\\/2\\\/2021\\\/09\\\/imagem_2021-09-17_113838-1024x538-450x300.png\",\"contentUrl\":\"https:\\\/\\\/prcardio.org\\\/profissionais-saude\\\/wp-content\\\/uploads\\\/sites\\\/2\\\/2021\\\/09\\\/imagem_2021-09-17_113838-1024x538-450x300.png\"},{\"@type\":\"BreadcrumbList\",\"@id\":\"https:\\\/\\\/www.prcardio.org\\\/profissionais-saude\\\/midia\\\/videos\\\/#breadcrumb\",\"itemListElement\":[{\"@type\":\"ListItem\",\"position\":1,\"name\":\"In\u00edcio\",\"item\":\"https:\\\/\\\/www.prcardio.org\\\/profissionais-saude\\\/\"},{\"@type\":\"ListItem\",\"position\":2,\"name\":\"M\u00eddia\",\"item\":\"https:\\\/\\\/www.prcardio.org\\\/profissionais-saude\\\/midia\\\/\"},{\"@type\":\"ListItem\",\"position\":3,\"name\":\"Videos\"}]},{\"@type\":\"WebSite\",\"@id\":\"https:\\\/\\\/www.prcardio.org\\\/profissionais-saude\\\/#website\",\"url\":\"https:\\\/\\\/www.prcardio.org\\\/profissionais-saude\\\/\",\"name\":\"SPC - Sociedade Paranaense de Cardiologia\",\"description\":\"\",\"potentialAction\":[{\"@type\":\"SearchAction\",\"target\":{\"@type\":\"EntryPoint\",\"urlTemplate\":\"https:\\\/\\\/www.prcardio.org\\\/profissionais-saude\\\/?s={search_term_string}\"},\"query-input\":{\"@type\":\"PropertyValueSpecification\",\"valueRequired\":true,\"valueName\":\"search_term_string\"}}],\"inLanguage\":\"pt-BR\"}]}<\/script>\n<!-- \/ Yoast SEO plugin. -->","yoast_head_json":{"title":"SPC - Sociedade Paranaense de Cardiologia","robots":{"index":"index","follow":"follow","max-snippet":"max-snippet:-1","max-image-preview":"max-image-preview:large","max-video-preview":"max-video-preview:-1"},"canonical":"https:\/\/www.prcardio.org\/profissionais-saude\/midia\/videos\/","og_locale":"pt_BR","og_type":"article","og_title":"SPC - Sociedade Paranaense de Cardiologia","og_description":"Caro, colega: este conte\u00fado \u00e9 estritamente para uso pessoal e educativo, com foco em profissionais m\u00e9dicos ou estudantes de Medicina. N\u00e3o pode ser difundido para p\u00fablico leigo, conforme resolu\u00e7\u00e3o do Conselho Federal de Medicina \u2013 2011 (http:\/\/www.portalmedico.org.br\/resolucoes\/ CFM\/2011\/1974_2011.pdf) Email Password Remember Me","og_url":"https:\/\/www.prcardio.org\/profissionais-saude\/midia\/videos\/","og_site_name":"SPC - Sociedade Paranaense de Cardiologia","article_modified_time":"2022-03-16T19:50:29+00:00","og_image":[{"url":"https:\/\/prcardio.org\/profissionais-saude\/wp-content\/uploads\/sites\/2\/2021\/09\/imagem_2021-09-17_113838-1024x538-450x300.png","type":"","width":"","height":""}],"twitter_card":"summary_large_image","schema":{"@context":"https:\/\/schema.org","@graph":[{"@type":"WebPage","@id":"https:\/\/www.prcardio.org\/profissionais-saude\/midia\/videos\/","url":"https:\/\/www.prcardio.org\/profissionais-saude\/midia\/videos\/","name":"SPC - Sociedade Paranaense de Cardiologia","isPartOf":{"@id":"https:\/\/www.prcardio.org\/profissionais-saude\/#website"},"primaryImageOfPage":{"@id":"https:\/\/www.prcardio.org\/profissionais-saude\/midia\/videos\/#primaryimage"},"image":{"@id":"https:\/\/www.prcardio.org\/profissionais-saude\/midia\/videos\/#primaryimage"},"thumbnailUrl":"https:\/\/prcardio.org\/profissionais-saude\/wp-content\/uploads\/sites\/2\/2021\/09\/imagem_2021-09-17_113838-1024x538-450x300.png","datePublished":"2020-04-16T19:30:37+00:00","dateModified":"2022-03-16T19:50:29+00:00","breadcrumb":{"@id":"https:\/\/www.prcardio.org\/profissionais-saude\/midia\/videos\/#breadcrumb"},"inLanguage":"pt-BR","potentialAction":[{"@type":"ReadAction","target":["https:\/\/www.prcardio.org\/profissionais-saude\/midia\/videos\/"]}]},{"@type":"ImageObject","inLanguage":"pt-BR","@id":"https:\/\/www.prcardio.org\/profissionais-saude\/midia\/videos\/#primaryimage","url":"https:\/\/prcardio.org\/profissionais-saude\/wp-content\/uploads\/sites\/2\/2021\/09\/imagem_2021-09-17_113838-1024x538-450x300.png","contentUrl":"https:\/\/prcardio.org\/profissionais-saude\/wp-content\/uploads\/sites\/2\/2021\/09\/imagem_2021-09-17_113838-1024x538-450x300.png"},{"@type":"BreadcrumbList","@id":"https:\/\/www.prcardio.org\/profissionais-saude\/midia\/videos\/#breadcrumb","itemListElement":[{"@type":"ListItem","position":1,"name":"In\u00edcio","item":"https:\/\/www.prcardio.org\/profissionais-saude\/"},{"@type":"ListItem","position":2,"name":"M\u00eddia","item":"https:\/\/www.prcardio.org\/profissionais-saude\/midia\/"},{"@type":"ListItem","position":3,"name":"Videos"}]},{"@type":"WebSite","@id":"https:\/\/www.prcardio.org\/profissionais-saude\/#website","url":"https:\/\/www.prcardio.org\/profissionais-saude\/","name":"SPC - Sociedade Paranaense de Cardiologia","description":"","potentialAction":[{"@type":"SearchAction","target":{"@type":"EntryPoint","urlTemplate":"https:\/\/www.prcardio.org\/profissionais-saude\/?s={search_term_string}"},"query-input":{"@type":"PropertyValueSpecification","valueRequired":true,"valueName":"search_term_string"}}],"inLanguage":"pt-BR"}]}},"builder_content":"<h1>V\u00cdDEOS<\/h1>\n<a href=\"https:\/\/prcardio.org\/profissionais-saude\/dia-05-icm-2021\/#\" > <img src=\"https:\/\/prcardio.org\/profissionais-saude\/wp-content\/uploads\/sites\/2\/2021\/09\/imagem_2021-09-17_113838.png\" width=\"450\" height=\"300\" title=\"Dia 05 ICM 2021\" alt=\"Dia 05 ICM 2021\"> <\/a> <h3> <a href=\"https:\/\/prcardio.org\/profissionais-saude\/dia-05-icm-2021\/#\" > Dia 05 ICM 2021 <\/a> <\/h3>\n<a href=\"https:\/\/prcardio.org\/profissionais-saude\/dia-06-icm-2021\/#\" > <img src=\"https:\/\/prcardio.org\/profissionais-saude\/wp-content\/uploads\/sites\/2\/2021\/09\/DIA06ICM2021.png\" width=\"450\" height=\"300\" title=\"Dia 06 ICM 2021\" alt=\"Dia 06 ICM 2021\"> <\/a> <h3> <a href=\"https:\/\/prcardio.org\/profissionais-saude\/dia-06-icm-2021\/#\" > Dia 06 ICM 2021 <\/a> <\/h3>\n<a href=\"https:\/\/prcardio.org\/profissionais-saude\/dia-07-icm-2021\/\" > <img src=\"https:\/\/prcardio.org\/profissionais-saude\/wp-content\/uploads\/sites\/2\/2021\/09\/imagem_2021-09-17_113554.png\" width=\"450\" height=\"300\" title=\"Dia 07 ICM 2021\" alt=\"Dia 07 ICM 2021\"> <\/a> <h3> <a href=\"https:\/\/prcardio.org\/profissionais-saude\/dia-07-icm-2021\/\" > Dia 07 ICM 2021 <\/a> <\/h3>\n<a href=\"https:\/\/prcardio.org\/profissionais-saude\/webinar-2020\/\" > <img src=\"https:\/\/prcardio.org\/profissionais-saude\/wp-content\/uploads\/sites\/2\/2020\/06\/webinar.png\" width=\"450\" height=\"300\" title=\"Webinar Ligas 2020\" alt=\"Webinar Ligas 2020\"> <\/a> <h3> <a href=\"https:\/\/prcardio.org\/profissionais-saude\/webinar-2020\/\" > Webinar Ligas 2020 <\/a> <\/h3>\n<a href=\"https:\/\/prcardio.org\/profissionais-saude\/icm-2019\/\" > <img src=\"https:\/\/prcardio.org\/profissionais-saude\/wp-content\/uploads\/sites\/2\/2020\/03\/ABERTURA-SIMP\u00d3SIOS-INTERNACIONAIS.png\" width=\"450\" height=\"300\" title=\"ICM 2019\" alt=\"ICM 2019\"> <\/a> <h3> <a href=\"https:\/\/prcardio.org\/profissionais-saude\/icm-2019\/\" > ICM 2019 <\/a> <\/h3>\n<a href=\"https:\/\/prcardio.org\/profissionais-saude\/webinares-cardiologia\/\" > <img src=\"https:\/\/prcardio.org\/profissionais-saude\/wp-content\/uploads\/sites\/2\/2020\/07\/Captura-de-tela-de-2020-07-15-00-18-04.png\" width=\"450\" height=\"300\" title=\"Webinar Cardiologia\" alt=\"Webinar Cardiologia\"> <\/a> <h3> <a href=\"https:\/\/prcardio.org\/profissionais-saude\/webinares-cardiologia\/\" > Webinar Cardiologia <\/a> <\/h3>","_links":{"self":[{"href":"https:\/\/www.prcardio.org\/profissionais-saude\/wp-json\/wp\/v2\/pages\/3146","targetHints":{"allow":["GET"]}}],"collection":[{"href":"https:\/\/www.prcardio.org\/profissionais-saude\/wp-json\/wp\/v2\/pages"}],"about":[{"href":"https:\/\/www.prcardio.org\/profissionais-saude\/wp-json\/wp\/v2\/types\/page"}],"author":[{"embeddable":true,"href":"https:\/\/www.prcardio.org\/profissionais-saude\/wp-json\/wp\/v2\/users\/1"}],"replies":[{"embeddable":true,"href":"https:\/\/www.prcardio.org\/profissionais-saude\/wp-json\/wp\/v2\/comments?post=3146"}],"version-history":[{"count":61,"href":"https:\/\/www.prcardio.org\/profissionais-saude\/wp-json\/wp\/v2\/pages\/3146\/revisions"}],"predecessor-version":[{"id":4168,"href":"https:\/\/www.prcardio.org\/profissionais-saude\/wp-json\/wp\/v2\/pages\/3146\/revisions\/4168"}],"up":[{"embeddable":true,"href":"https:\/\/www.prcardio.org\/profissionais-saude\/wp-json\/wp\/v2\/pages\/4165"}],"wp:attachment":[{"href":"https:\/\/www.prcardio.org\/profissionais-saude\/wp-json\/wp\/v2\/media?parent=3146"}],"curies":[{"name":"wp","href":"https:\/\/api.w.org\/{rel}","templated":true}]}}