{"id":5478,"date":"2023-09-25T14:08:41","date_gmt":"2023-09-25T17:08:41","guid":{"rendered":"https:\/\/prcardio.org\/profissionais-saude\/?page_id=5478"},"modified":"2023-11-17T14:49:29","modified_gmt":"2023-11-17T16:49:29","slug":"highlights-dos-congressos","status":"publish","type":"page","link":"https:\/\/www.prcardio.org\/profissionais-saude\/highlights-dos-congressos\/","title":{"rendered":"Highlights dos Congressos"},"content":{"rendered":"<!--themify_builder_content-->\n<div id=\"themify_builder_content-5478\" data-postid=\"5478\" class=\"themify_builder_content themify_builder_content-5478 themify_builder tf_clear\">\n    \t<!-- module_row -->\n\t<div  data-lazy=\"1\" class=\"module_row themify_builder_row tb_7rke472 tb_first tf_clearfix\">\n\t    \t\t<div class=\"row_inner col_align_top tf_box tf_w tf_rel\">\n\t\t\t<div  data-lazy=\"1\" class=\"module_column tb-column col-full first tb_eigq473 tf_box\">\n\t\t\t    \t        <div class=\"tb-column-inner tf_box tf_w\">\n\t\t    \t<div  data-lazy=\"1\" class=\"module_subrow themify_builder_sub_row tb_9esd473 tf_w tf_clearfix\">\n\t    \t\t<div class=\"subrow_inner col_align_top tf_box tf_w\">\n\t\t\t<div  data-lazy=\"1\" class=\"sub_column module_column tf_box col-full first tb_6761474\"> \n\t    \t    \t        <div class=\"tb-column-inner tf_box tf_w\">\n\t\t    <!-- module video -->\n<div  class=\"module module-video tb_ozwk474 video-top  \" data-lazy=\"1\" data-url=\"https:\/\/youtu.be\/Oo94xRcqTxE\">\n    \t\t<h3 class=\"module-title\">Dr. Ol\u00edmpio Fran\u00e7a Neto - Congresso American Heart Association  - Estudo Select<\/h3>\t\t<div class=\"video-wrap-outer\">\n\t\t\t<div class=\"video-wrap tf_rel tf_overflow\">\n\t\t\t\t\t\t\t<\/div>\n\t\t\t<!-- \/video-wrap -->\n\t\t<\/div>\n\t\t<!-- \/video-wrap-outer -->\n\t\t\t<\/div>\n<!-- module video -->\n<div  class=\"module module-video tb_mm5d963 video-top  \" data-lazy=\"1\" data-url=\"https:\/\/youtu.be\/Go_969ZwBCg\">\n    \t\t<h3 class=\"module-title\">Dr. Abr\u00e3o Jos\u00e9 Melhem Jr fala sobre o tema Economic Burden of Cardiovascular Disease in the Europea.<\/h3>\t\t<div class=\"video-wrap-outer\">\n\t\t\t<div class=\"video-wrap tf_rel tf_overflow\">\n\t\t\t\t\t\t\t<\/div>\n\t\t\t<!-- \/video-wrap -->\n\t\t<\/div>\n\t\t<!-- \/video-wrap-outer -->\n\t\t\t<\/div>\n<!-- module video -->\n<div  class=\"module module-video tb_tnic784 video-top  \" data-lazy=\"1\" data-url=\"https:\/\/youtu.be\/gHqmVJ-Ltjs\">\n    \t\t<h3 class=\"module-title\">Dr  Pedro Henrique Reis fala sobre o Estudo Opt Birisk.<\/h3>\t\t<div class=\"video-wrap-outer\">\n\t\t\t<div class=\"video-wrap tf_rel tf_overflow\">\n\t\t\t\t\t\t\t<\/div>\n\t\t\t<!-- \/video-wrap -->\n\t\t<\/div>\n\t\t<!-- \/video-wrap-outer -->\n\t\t\t<\/div>\n<!-- module video -->\n<div  class=\"module module-video tb_djxt898 video-top  \" data-lazy=\"1\" data-url=\"https:\/\/youtu.be\/f5wLZgkcK98\">\n    \t\t<h3 class=\"module-title\">Dr. Ol\u00edmpio Ribeiro Fran\u00e7a fala sobre o estudo MULTISTARS AMI<\/h3>\t\t<div class=\"video-wrap-outer\">\n\t\t\t<div class=\"video-wrap tf_rel tf_overflow\">\n\t\t\t\t\t\t\t<\/div>\n\t\t\t<!-- \/video-wrap -->\n\t\t<\/div>\n\t\t<!-- \/video-wrap-outer -->\n\t\t\t<\/div>\n<!-- module video -->\n<div  class=\"module module-video tb_w35q554 video-top  \" data-lazy=\"1\" data-url=\"https:\/\/youtu.be\/yxotlbNpB2Y\">\n    \t\t<h3 class=\"module-title\">Dra. Ana Paula Susin Os\u00f3rio fala sobre o Estudo NOAH-AFNET6<\/h3>\t\t<div class=\"video-wrap-outer\">\n\t\t\t<div class=\"video-wrap tf_rel tf_overflow\">\n\t\t\t\t\t\t\t<\/div>\n\t\t\t<!-- \/video-wrap -->\n\t\t<\/div>\n\t\t<!-- \/video-wrap-outer -->\n\t\t\t<\/div>\n<!-- module video -->\n<div  class=\"module module-video tb_ysay554 video-top  \" data-lazy=\"1\" data-url=\"https:\/\/youtu.be\/NeEYxdnNrA8\">\n    \t\t<h3 class=\"module-title\">Dr. Miguel Morita fala sobre o Estudo STEP-HFpEF<\/h3>\t\t<div class=\"video-wrap-outer\">\n\t\t\t<div class=\"video-wrap tf_rel tf_overflow\">\n\t\t\t\t\t\t\t<\/div>\n\t\t\t<!-- \/video-wrap -->\n\t\t<\/div>\n\t\t<!-- \/video-wrap-outer -->\n\t\t\t<\/div>\n\t        <\/div>\n\t    \t<\/div>\n\t\t    <\/div>\n\t<\/div><!-- \/themify_builder_sub_row -->\n\t\t        <\/div>\n\t    \t<\/div>\n\t\t    <\/div>\n\t    <!-- \/row_inner -->\n\t<\/div>\n\t<!-- \/module_row -->\n\t<\/div>\n<!--\/themify_builder_content-->","protected":false},"excerpt":{"rendered":"<p>Dr. Ol\u00edmpio Fran\u00e7a Neto &#8211; Congresso American Heart Association &#8211; Estudo Select Dr. Abr\u00e3o Jos\u00e9 Melhem Jr fala sobre o tema Economic Burden of Cardiovascular Disease in the Europea. Dr Pedro Henrique Reis fala sobre o Estudo Opt Birisk. Dr. Ol\u00edmpio Ribeiro Fran\u00e7a fala sobre o estudo MULTISTARS AMI Dra. Ana Paula Susin Os\u00f3rio fala [&hellip;]<\/p>\n","protected":false},"author":1,"featured_media":0,"parent":0,"menu_order":0,"comment_status":"closed","ping_status":"closed","template":"","meta":{"footnotes":""},"class_list":["post-5478","page","type-page","status-publish","hentry","has-post-title","has-post-date","has-post-category","has-post-tag","has-post-comment","has-post-author",""],"yoast_head":"<!-- This site is optimized with the Yoast SEO plugin v27.4 - https:\/\/yoast.com\/product\/yoast-seo-wordpress\/ -->\n<title>SPC - Sociedade Paranaense de Cardiologia<\/title>\n<meta name=\"robots\" content=\"index, follow, max-snippet:-1, max-image-preview:large, max-video-preview:-1\" \/>\n<link rel=\"canonical\" href=\"https:\/\/www.prcardio.org\/profissionais-saude\/highlights-dos-congressos\/\" \/>\n<meta property=\"og:locale\" content=\"pt_BR\" \/>\n<meta property=\"og:type\" content=\"article\" \/>\n<meta property=\"og:title\" content=\"SPC - Sociedade Paranaense de Cardiologia\" \/>\n<meta property=\"og:description\" content=\"Dr. Ol\u00edmpio Fran\u00e7a Neto &#8211; Congresso American Heart Association &#8211; Estudo Select Dr. Abr\u00e3o Jos\u00e9 Melhem Jr fala sobre o tema Economic Burden of Cardiovascular Disease in the Europea. Dr Pedro Henrique Reis fala sobre o Estudo Opt Birisk. Dr. Ol\u00edmpio Ribeiro Fran\u00e7a fala sobre o estudo MULTISTARS AMI Dra. Ana Paula Susin Os\u00f3rio fala [&hellip;]\" \/>\n<meta property=\"og:url\" content=\"https:\/\/www.prcardio.org\/profissionais-saude\/highlights-dos-congressos\/\" \/>\n<meta property=\"og:site_name\" content=\"SPC - Sociedade Paranaense de Cardiologia\" \/>\n<meta property=\"article:modified_time\" content=\"2023-11-17T16:49:29+00:00\" \/>\n<meta name=\"twitter:card\" content=\"summary_large_image\" \/>\n<script type=\"application\/ld+json\" class=\"yoast-schema-graph\">{\"@context\":\"https:\\\/\\\/schema.org\",\"@graph\":[{\"@type\":\"WebPage\",\"@id\":\"https:\\\/\\\/www.prcardio.org\\\/profissionais-saude\\\/highlights-dos-congressos\\\/\",\"url\":\"https:\\\/\\\/www.prcardio.org\\\/profissionais-saude\\\/highlights-dos-congressos\\\/\",\"name\":\"SPC - Sociedade Paranaense de Cardiologia\",\"isPartOf\":{\"@id\":\"https:\\\/\\\/www.prcardio.org\\\/profissionais-saude\\\/#website\"},\"datePublished\":\"2023-09-25T17:08:41+00:00\",\"dateModified\":\"2023-11-17T16:49:29+00:00\",\"breadcrumb\":{\"@id\":\"https:\\\/\\\/www.prcardio.org\\\/profissionais-saude\\\/highlights-dos-congressos\\\/#breadcrumb\"},\"inLanguage\":\"pt-BR\",\"potentialAction\":[{\"@type\":\"ReadAction\",\"target\":[\"https:\\\/\\\/www.prcardio.org\\\/profissionais-saude\\\/highlights-dos-congressos\\\/\"]}]},{\"@type\":\"BreadcrumbList\",\"@id\":\"https:\\\/\\\/www.prcardio.org\\\/profissionais-saude\\\/highlights-dos-congressos\\\/#breadcrumb\",\"itemListElement\":[{\"@type\":\"ListItem\",\"position\":1,\"name\":\"In\u00edcio\",\"item\":\"https:\\\/\\\/www.prcardio.org\\\/profissionais-saude\\\/\"},{\"@type\":\"ListItem\",\"position\":2,\"name\":\"Highlights dos Congressos\"}]},{\"@type\":\"WebSite\",\"@id\":\"https:\\\/\\\/www.prcardio.org\\\/profissionais-saude\\\/#website\",\"url\":\"https:\\\/\\\/www.prcardio.org\\\/profissionais-saude\\\/\",\"name\":\"SPC - Sociedade Paranaense de Cardiologia\",\"description\":\"\",\"potentialAction\":[{\"@type\":\"SearchAction\",\"target\":{\"@type\":\"EntryPoint\",\"urlTemplate\":\"https:\\\/\\\/www.prcardio.org\\\/profissionais-saude\\\/?s={search_term_string}\"},\"query-input\":{\"@type\":\"PropertyValueSpecification\",\"valueRequired\":true,\"valueName\":\"search_term_string\"}}],\"inLanguage\":\"pt-BR\"}]}<\/script>\n<!-- \/ Yoast SEO plugin. -->","yoast_head_json":{"title":"SPC - Sociedade Paranaense de Cardiologia","robots":{"index":"index","follow":"follow","max-snippet":"max-snippet:-1","max-image-preview":"max-image-preview:large","max-video-preview":"max-video-preview:-1"},"canonical":"https:\/\/www.prcardio.org\/profissionais-saude\/highlights-dos-congressos\/","og_locale":"pt_BR","og_type":"article","og_title":"SPC - Sociedade Paranaense de Cardiologia","og_description":"Dr. Ol\u00edmpio Fran\u00e7a Neto &#8211; Congresso American Heart Association &#8211; Estudo Select Dr. Abr\u00e3o Jos\u00e9 Melhem Jr fala sobre o tema Economic Burden of Cardiovascular Disease in the Europea. Dr Pedro Henrique Reis fala sobre o Estudo Opt Birisk. Dr. Ol\u00edmpio Ribeiro Fran\u00e7a fala sobre o estudo MULTISTARS AMI Dra. Ana Paula Susin Os\u00f3rio fala [&hellip;]","og_url":"https:\/\/www.prcardio.org\/profissionais-saude\/highlights-dos-congressos\/","og_site_name":"SPC - Sociedade Paranaense de Cardiologia","article_modified_time":"2023-11-17T16:49:29+00:00","twitter_card":"summary_large_image","schema":{"@context":"https:\/\/schema.org","@graph":[{"@type":"WebPage","@id":"https:\/\/www.prcardio.org\/profissionais-saude\/highlights-dos-congressos\/","url":"https:\/\/www.prcardio.org\/profissionais-saude\/highlights-dos-congressos\/","name":"SPC - Sociedade Paranaense de Cardiologia","isPartOf":{"@id":"https:\/\/www.prcardio.org\/profissionais-saude\/#website"},"datePublished":"2023-09-25T17:08:41+00:00","dateModified":"2023-11-17T16:49:29+00:00","breadcrumb":{"@id":"https:\/\/www.prcardio.org\/profissionais-saude\/highlights-dos-congressos\/#breadcrumb"},"inLanguage":"pt-BR","potentialAction":[{"@type":"ReadAction","target":["https:\/\/www.prcardio.org\/profissionais-saude\/highlights-dos-congressos\/"]}]},{"@type":"BreadcrumbList","@id":"https:\/\/www.prcardio.org\/profissionais-saude\/highlights-dos-congressos\/#breadcrumb","itemListElement":[{"@type":"ListItem","position":1,"name":"In\u00edcio","item":"https:\/\/www.prcardio.org\/profissionais-saude\/"},{"@type":"ListItem","position":2,"name":"Highlights dos Congressos"}]},{"@type":"WebSite","@id":"https:\/\/www.prcardio.org\/profissionais-saude\/#website","url":"https:\/\/www.prcardio.org\/profissionais-saude\/","name":"SPC - Sociedade Paranaense de Cardiologia","description":"","potentialAction":[{"@type":"SearchAction","target":{"@type":"EntryPoint","urlTemplate":"https:\/\/www.prcardio.org\/profissionais-saude\/?s={search_term_string}"},"query-input":{"@type":"PropertyValueSpecification","valueRequired":true,"valueName":"search_term_string"}}],"inLanguage":"pt-BR"}]}},"builder_content":"<h3>Dr. Ol\u00edmpio Fran\u00e7a Neto - Congresso American Heart Association - Estudo Select<\/h3>\n<h3>Dr. Abr\u00e3o Jos\u00e9 Melhem Jr fala sobre o tema Economic Burden of Cardiovascular Disease in the Europea.<\/h3>\n<h3>Dr Pedro Henrique Reis fala sobre o Estudo Opt Birisk.<\/h3>\n<h3>Dr. Ol\u00edmpio Ribeiro Fran\u00e7a fala sobre o estudo MULTISTARS AMI<\/h3>\n<h3>Dra. Ana Paula Susin Os\u00f3rio fala sobre o Estudo NOAH-AFNET6<\/h3>\n<h3>Dr. Miguel Morita fala sobre o Estudo STEP-HFpEF<\/h3>","_links":{"self":[{"href":"https:\/\/www.prcardio.org\/profissionais-saude\/wp-json\/wp\/v2\/pages\/5478","targetHints":{"allow":["GET"]}}],"collection":[{"href":"https:\/\/www.prcardio.org\/profissionais-saude\/wp-json\/wp\/v2\/pages"}],"about":[{"href":"https:\/\/www.prcardio.org\/profissionais-saude\/wp-json\/wp\/v2\/types\/page"}],"author":[{"embeddable":true,"href":"https:\/\/www.prcardio.org\/profissionais-saude\/wp-json\/wp\/v2\/users\/1"}],"replies":[{"embeddable":true,"href":"https:\/\/www.prcardio.org\/profissionais-saude\/wp-json\/wp\/v2\/comments?post=5478"}],"version-history":[{"count":20,"href":"https:\/\/www.prcardio.org\/profissionais-saude\/wp-json\/wp\/v2\/pages\/5478\/revisions"}],"predecessor-version":[{"id":5781,"href":"https:\/\/www.prcardio.org\/profissionais-saude\/wp-json\/wp\/v2\/pages\/5478\/revisions\/5781"}],"wp:attachment":[{"href":"https:\/\/www.prcardio.org\/profissionais-saude\/wp-json\/wp\/v2\/media?parent=5478"}],"curies":[{"name":"wp","href":"https:\/\/api.w.org\/{rel}","templated":true}]}}