{"id":533,"date":"2020-03-21T15:49:14","date_gmt":"2020-03-21T18:49:14","guid":{"rendered":"http:\/\/template1.bs2.com.br\/publico-geral\/?page_id=533"},"modified":"2020-06-04T12:39:53","modified_gmt":"2020-06-04T15:39:53","slug":"contato","status":"publish","type":"page","link":"https:\/\/www.prcardio.org\/publico-geral\/contato\/","title":{"rendered":"CONTATO"},"content":{"rendered":"<!--themify_builder_content-->\n<div id=\"themify_builder_content-533\" data-postid=\"533\" class=\"themify_builder_content themify_builder_content-533 themify_builder tf_clear\">\n    \t<!-- module_row -->\n\t<div  data-lazy=\"1\" class=\"module_row themify_builder_row fullcover tb_8znw384 tb_first tf_clearfix\" >\n\t    <div class=\"tf_abs builder_row_cover\"><\/div>\t\t<div class=\"row_inner col_align_top tf_box tf_w tf_rel\">\n\t\t\t<div  data-lazy=\"1\" class=\"module_column tb-column col3-2 first tb_1i8e390 tf_box\">\n\t\t\t    \t        <div class=\"tb-column-inner tf_box tf_w\">\n\t\t    <!-- module text -->\n<div  class=\"module module-text tb_du6z393   \" data-lazy=\"1\">\n        <div  class=\"tb_text_wrap\">\n    <h1>CONTATO<\/h1>    <\/div>\n<\/div>\n<!-- \/module text -->\t        <\/div>\n\t    \t<\/div>\n\t\t<div  data-lazy=\"1\" class=\"module_column tb-column col3-1 last tb_w9fk398 tf_box\">\n\t\t\t    \t<\/div>\n\t\t    <\/div>\n\t    <!-- \/row_inner -->\n\t<\/div>\n\t<!-- \/module_row -->\n\t\t<!-- module_row -->\n\t<div  data-css_id=\"bluo384\" data-lazy=\"1\" class=\"module_row themify_builder_row fullwidth_row_container tb_bluo384 tf_clearfix\" >\n\t    \t\t<div class=\"row_inner col_align_top tf_box tf_w tf_rel\">\n\t\t\t<div  data-lazy=\"1\" style=\"width: 56.8%\" class=\"module_column tb-column col4-2 first tb_kliu402 tf_box\">\n\t\t\t    \t        <div class=\"tb-column-inner tf_box tf_w\">\n\t\t    <!-- module text -->\n<div  class=\"module module-text tb_rl5p877    wow\" data-tf-animation=\"fadeInDown\" data-lazy=\"1\">\n        <div  class=\"tb_text_wrap\">\n    <h4 class=\"head_align\"><em>Adoramos que tenha passado um tempo em nosso site<\/em><\/h4>\n<p>A Sociedade Paranaense de Cardiologia esta \u00e0 disposi\u00e7\u00e3o para atender os<br \/>s\u00f3cios e profissionais da sa\u00fade. Fique a vontade para falar com a gente!<\/p>    <\/div>\n<\/div>\n<!-- \/module text --><!-- module icon -->\n<div  class=\"module module-icon tb_kw4m740  normal circle icon_vertical  wow\" data-tf-animation=\"fadeIn\" data-lazy=\"1\">\n    \t    <div class=\"module-icon-item\">\n\t\t\t\t\t\t\t<a href=\"mailto: sociedade@prcardio.org\">\n\t\t\t\t\t\t\t\t\t\t\t\t\t\t\t\t\t<em class=\"ui tf_vmiddle tf_textc tf_box transparent\"><svg  aria-hidden=\"true\" class=\"tf_fa tf-ti-email\"><use href=\"#tf-ti-email\"><\/use><\/svg><\/em>\n\t\t\t\t\t\t\t\t\t\t\t\t\t\t\t\t\t<span class=\"tf_vmiddle\"> sociedade@prcardio.org<\/span>\n\t\t\t\t\t\t\t\t\t\t\t<\/a>\n\t\t\t\t    <\/div>\n\t\t    <div class=\"module-icon-item\">\n\t\t\t\t\t\t\t\t\t\t\t\t\t\t\t\t\t<em class=\"ui tf_vmiddle tf_textc tf_box tb_default_color\"><svg  aria-hidden=\"true\" class=\"tf_fa tf-fas-phone\"><use href=\"#tf-fas-phone\"><\/use><\/svg><\/em>\n\t\t\t\t\t\t\t\t\t\t\t\t\t\t\t\t\t<span class=\"tf_vmiddle\">(41) 3232 - 8691<\/span>\n\t\t\t\t\t\t\t\t    <\/div>\n\t\t    <div class=\"module-icon-item\">\n\t\t\t\t\t\t\t\t\t\t\t\t\t\t\t\t\t<em class=\"ui tf_vmiddle tf_textc tf_box tb_default_color\"><svg  aria-hidden=\"true\" class=\"tf_fa tf-fas-map-marker-alt\"><use href=\"#tf-fas-map-marker-alt\"><\/use><\/svg><\/em>\n\t\t\t\t\t\t\t\t\t\t\t\t\t\t\t\t\t<span class=\"tf_vmiddle\">Rua Jo\u00e3o Negr\u00e3o, 731 - 401(4\u00ba andar)<br>Centro  Curitiba \u2013 Paran\u00e1 <br> CEP 80010-200<\/span>\n\t\t\t\t\t\t\t\t    <\/div>\n\t<\/div>\n<!-- \/module icon -->\n\t        <\/div>\n\t    \t<\/div>\n\t\t<div  data-lazy=\"1\" style=\"width: 40%\" class=\"module_column tb-column col4-2 last tb_jolt406 tf_box\">\n\t\t\t    \t        <div class=\"tb-column-inner tf_box tf_w\">\n\t\t    <!-- module image -->\n<div  class=\"module module-image tb_btcu654   image-top tf_mw wow\" data-tf-animation=\"fadeIn\" data-lazy=\"1\">\n        <div class=\"image-wrap tf_rel tf_mw\">\n\t\t    <img loading=\"lazy\" decoding=\"async\" src=\"http:\/\/www.prcardio.org\/publico-geral\/wp-content\/uploads\/sites\/3\/2020\/04\/imagem-doutor-com-coracao.jpg\" width=\"800\" height=\"533\" title=\"CONTATO\" alt=\"CONTATO\">\t\n\t\t<\/div>\n\t<!-- \/image-wrap -->\n    \n    \t<\/div>\n<!-- \/module image -->\t        <\/div>\n\t    \t<\/div>\n\t\t    <\/div>\n\t    <!-- \/row_inner -->\n\t<\/div>\n\t<!-- \/module_row -->\n\t\t<!-- module_row -->\n\t<div  data-lazy=\"1\" class=\"module_row themify_builder_row tb_jb0c362 tf_clearfix\">\n\t    \t\t<div class=\"row_inner col_align_top tf_box tf_w tf_rel\">\n\t\t\t<div  data-lazy=\"1\" class=\"module_column tb-column col-full first tb_8frw367 tf_box\">\n\t\t\t    \t        <div class=\"tb-column-inner tf_box tf_w\">\n\t\t    <!-- module text -->\n<div  class=\"module module-text tb_zcl2962    wow\" data-tf-animation=\"fadeInDown\" data-lazy=\"1\">\n        <div  class=\"tb_text_wrap\">\n    <h4 class=\"head_align\"><div class=\"wpforms-container wpforms-container-full\" id=\"wpforms-539\"><form id=\"wpforms-form-539\" class=\"wpforms-validate wpforms-form\" data-formid=\"539\" method=\"post\" enctype=\"multipart\/form-data\" action=\"\/publico-geral\/wp-json\/wp\/v2\/pages\/533\" data-token=\"18eda229996c7a392f7da0848087253b\" data-token-time=\"1777553690\"><noscript class=\"wpforms-error-noscript\">Please enable JavaScript in your browser to complete this form.<\/noscript><div class=\"wpforms-field-container\"><div id=\"wpforms-539-field_2-container\" class=\"wpforms-field wpforms-field-text wpforms-one-third wpforms-first\" data-field-id=\"2\"><label class=\"wpforms-field-label\" for=\"wpforms-539-field_2\">Nome <span class=\"wpforms-required-label\">*<\/span><\/label><input type=\"text\" id=\"wpforms-539-field_2\" class=\"wpforms-field-medium wpforms-field-required\" name=\"wpforms[fields][2]\" required><\/div><div id=\"wpforms-539-field_4-container\" class=\"wpforms-field wpforms-field-email wpforms-one-third\" data-field-id=\"4\"><label class=\"wpforms-field-label\" for=\"wpforms-539-field_4\">E-mail <span class=\"wpforms-required-label\">*<\/span><\/label><input type=\"email\" id=\"wpforms-539-field_4\" class=\"wpforms-field-medium wpforms-field-required\" name=\"wpforms[fields][4]\" spellcheck=\"false\" required><\/div><div id=\"wpforms-539-field_3-container\" class=\"wpforms-field wpforms-field-text wpforms-one-third\" data-field-id=\"3\"><label class=\"wpforms-field-label\" for=\"wpforms-539-field_3\">Telefone <span class=\"wpforms-required-label\">*<\/span><\/label><input type=\"text\" id=\"wpforms-539-field_3\" class=\"wpforms-field-medium wpforms-field-required wpforms-masked-input\" data-rule-inputmask-incomplete=\"1\" data-inputmask-mask=\"(99) 99999-9999\" name=\"wpforms[fields][3]\" required><\/div><div id=\"wpforms-539-field_5-container\" class=\"wpforms-field wpforms-field-textarea\" data-field-id=\"5\"><label class=\"wpforms-field-label\" for=\"wpforms-539-field_5\">Mensagem <span class=\"wpforms-required-label\">*<\/span><\/label><textarea id=\"wpforms-539-field_5\" class=\"wpforms-field-medium wpforms-field-required\" name=\"wpforms[fields][5]\" required><\/textarea><\/div><\/div><!-- .wpforms-field-container --><div class=\"wpforms-field wpforms-field-hp\"><label for=\"wpforms-539-field-hp\" class=\"wpforms-field-label\">Email<\/label><input type=\"text\" name=\"wpforms[hp]\" id=\"wpforms-539-field-hp\" class=\"wpforms-field-medium\"><\/div><div class=\"wpforms-recaptcha-container wpforms-is-recaptcha wpforms-is-recaptcha-type-v2\" ><div class=\"g-recaptcha\" data-sitekey=\"6LeFcAAVAAAAAKWGquzx6lGbJjOSxT497bZX5qjn\"><\/div><input type=\"text\" name=\"g-recaptcha-hidden\" class=\"wpforms-recaptcha-hidden\" style=\"position:absolute!important;clip:rect(0,0,0,0)!important;height:1px!important;width:1px!important;border:0!important;overflow:hidden!important;padding:0!important;margin:0!important;\" data-rule-recaptcha=\"1\"><\/div><div class=\"wpforms-submit-container\" ><input type=\"hidden\" name=\"wpforms[id]\" value=\"539\"><input type=\"hidden\" name=\"page_title\" value=\"\"><input type=\"hidden\" name=\"page_url\" value=\"https:\/\/www.prcardio.org\/publico-geral\/wp-json\/wp\/v2\/pages\/533\"><input type=\"hidden\" name=\"url_referer\" value=\"\"><button type=\"submit\" name=\"wpforms[submit]\" id=\"wpforms-submit-539\" class=\"wpforms-submit\" data-alt-text=\"Enviando...\" data-submit-text=\"Enviar\" aria-live=\"assertive\" value=\"wpforms-submit\">Enviar<\/button><\/div><\/form><\/div>  <!-- .wpforms-container --><\/h4>    <\/div>\n<\/div>\n<!-- \/module text -->\t        <\/div>\n\t    \t<\/div>\n\t\t    <\/div>\n\t    <!-- \/row_inner -->\n\t<\/div>\n\t<!-- \/module_row -->\n\t\t<!-- module_row -->\n\t<div  data-css_id=\"qu9q593\" data-lazy=\"1\" class=\"module_row themify_builder_row fullwidth tb_qu9q593 tf_clearfix\" >\n\t    \t\t<div class=\"row_inner col_align_top tf_box tf_w tf_rel\">\n\t\t\t<div  data-lazy=\"1\" class=\"module_column tb-column col-full first tb_yesu597 tf_box\">\n\t\t\t    \t        <div class=\"tb-column-inner tf_box tf_w\">\n\t\t    <!-- module map -->\n<div  class=\"module module-map tb_qy02461 \">\n    \t\t    \t    <link rel=\"preconnect\" href=\"https:\/\/maps.googleapis.com\" crossorigin\/>\n\t\t<div\n\t    data-lazy=\"1\" \t    data-map-provider=\"google\"\n\t    data-address=\"Rua Jo\u00e3o Negr\u00e3o, 731 - 401(4\u00ba andar) Centro Curitiba \u2013 Paran\u00e1 CEP 80010-200\"\n\t    data-zoom=\"18\"\n\t    data-type=\"ROADMAP\"\n\t    data-scroll=\"\"\n\t    data-drag=\"1\"\n\t    data-mdrag=\"1\"\n\t    data-control=\"\"\n\t    class=\"tf_lazy themify_map\"\n\t    style=\"width:100%;height:300px;\"\n\t    data-info-window=\"Rua Jo\u00e3o Negr\u00e3o, 731 - 401(4\u00ba andar)\nCentro Curitiba \u2013 Paran\u00e1\nCEP 80010-200\"\n\t    data-reverse-geocoding=\"\">\n\t<\/div>\n    <\/div>\n<!-- \/module map -->\n\t        <\/div>\n\t    \t<\/div>\n\t\t    <\/div>\n\t    <!-- \/row_inner -->\n\t<\/div>\n\t<!-- \/module_row -->\n\t<\/div>\n<!--\/themify_builder_content-->","protected":false},"excerpt":{"rendered":"<p>CONTATO Adoramos que tenha passado um tempo em nosso site A Sociedade Paranaense de Cardiologia esta \u00e0 disposi\u00e7\u00e3o para atender oss\u00f3cios e profissionais da sa\u00fade. Fique a vontade para falar com a gente! sociedade@prcardio.org (41) 3232 &#8211; 8691 Rua Jo\u00e3o Negr\u00e3o, 731 &#8211; 401(4\u00ba andar)Centro Curitiba \u2013 Paran\u00e1 CEP 80010-200<\/p>\n","protected":false},"author":1,"featured_media":0,"parent":0,"menu_order":0,"comment_status":"closed","ping_status":"closed","template":"","meta":{"footnotes":""},"class_list":["post-533","page","type-page","status-publish","hentry","has-post-title","has-post-date","has-post-category","has-post-tag","has-post-comment","has-post-author",""],"yoast_head":"<!-- This site is optimized with the Yoast SEO plugin v27.4 - https:\/\/yoast.com\/product\/yoast-seo-wordpress\/ -->\n<title>SPC - Sociedade Paranaense de Cardiologia<\/title>\n<meta name=\"robots\" content=\"index, follow, max-snippet:-1, max-image-preview:large, max-video-preview:-1\" \/>\n<link rel=\"canonical\" href=\"https:\/\/www.prcardio.org\/publico-geral\/contato\/\" \/>\n<meta property=\"og:locale\" content=\"pt_BR\" \/>\n<meta property=\"og:type\" content=\"article\" \/>\n<meta property=\"og:title\" content=\"SPC - Sociedade Paranaense de Cardiologia\" \/>\n<meta property=\"og:description\" content=\"CONTATO Adoramos que tenha passado um tempo em nosso site A Sociedade Paranaense de Cardiologia esta \u00e0 disposi\u00e7\u00e3o para atender oss\u00f3cios e profissionais da sa\u00fade. Fique a vontade para falar com a gente! sociedade@prcardio.org (41) 3232 &#8211; 8691 Rua Jo\u00e3o Negr\u00e3o, 731 &#8211; 401(4\u00ba andar)Centro Curitiba \u2013 Paran\u00e1 CEP 80010-200\" \/>\n<meta property=\"og:url\" content=\"https:\/\/www.prcardio.org\/publico-geral\/contato\/\" \/>\n<meta property=\"og:site_name\" content=\"SPC - Sociedade Paranaense de Cardiologia\" \/>\n<meta property=\"article:modified_time\" content=\"2020-06-04T15:39:53+00:00\" \/>\n<meta property=\"og:image\" content=\"http:\/\/www.prcardio.org\/publico-geral\/wp-content\/uploads\/sites\/3\/2020\/04\/imagem-doutor-com-coracao.jpg\" \/>\n<meta name=\"twitter:card\" content=\"summary_large_image\" \/>\n<script type=\"application\/ld+json\" class=\"yoast-schema-graph\">{\"@context\":\"https:\\\/\\\/schema.org\",\"@graph\":[{\"@type\":\"WebPage\",\"@id\":\"https:\\\/\\\/www.prcardio.org\\\/publico-geral\\\/contato\\\/\",\"url\":\"https:\\\/\\\/www.prcardio.org\\\/publico-geral\\\/contato\\\/\",\"name\":\"SPC - Sociedade Paranaense de Cardiologia\",\"isPartOf\":{\"@id\":\"https:\\\/\\\/www.prcardio.org\\\/publico-geral\\\/#website\"},\"primaryImageOfPage\":{\"@id\":\"https:\\\/\\\/www.prcardio.org\\\/publico-geral\\\/contato\\\/#primaryimage\"},\"image\":{\"@id\":\"https:\\\/\\\/www.prcardio.org\\\/publico-geral\\\/contato\\\/#primaryimage\"},\"thumbnailUrl\":\"http:\\\/\\\/www.prcardio.org\\\/publico-geral\\\/wp-content\\\/uploads\\\/sites\\\/3\\\/2020\\\/04\\\/imagem-doutor-com-coracao.jpg\",\"datePublished\":\"2020-03-21T18:49:14+00:00\",\"dateModified\":\"2020-06-04T15:39:53+00:00\",\"breadcrumb\":{\"@id\":\"https:\\\/\\\/www.prcardio.org\\\/publico-geral\\\/contato\\\/#breadcrumb\"},\"inLanguage\":\"pt-BR\",\"potentialAction\":[{\"@type\":\"ReadAction\",\"target\":[\"https:\\\/\\\/www.prcardio.org\\\/publico-geral\\\/contato\\\/\"]}]},{\"@type\":\"ImageObject\",\"inLanguage\":\"pt-BR\",\"@id\":\"https:\\\/\\\/www.prcardio.org\\\/publico-geral\\\/contato\\\/#primaryimage\",\"url\":\"http:\\\/\\\/www.prcardio.org\\\/publico-geral\\\/wp-content\\\/uploads\\\/sites\\\/3\\\/2020\\\/04\\\/imagem-doutor-com-coracao.jpg\",\"contentUrl\":\"http:\\\/\\\/www.prcardio.org\\\/publico-geral\\\/wp-content\\\/uploads\\\/sites\\\/3\\\/2020\\\/04\\\/imagem-doutor-com-coracao.jpg\"},{\"@type\":\"BreadcrumbList\",\"@id\":\"https:\\\/\\\/www.prcardio.org\\\/publico-geral\\\/contato\\\/#breadcrumb\",\"itemListElement\":[{\"@type\":\"ListItem\",\"position\":1,\"name\":\"In\u00edcio\",\"item\":\"https:\\\/\\\/www.prcardio.org\\\/publico-geral\\\/\"},{\"@type\":\"ListItem\",\"position\":2,\"name\":\"CONTATO\"}]},{\"@type\":\"WebSite\",\"@id\":\"https:\\\/\\\/www.prcardio.org\\\/publico-geral\\\/#website\",\"url\":\"https:\\\/\\\/www.prcardio.org\\\/publico-geral\\\/\",\"name\":\"SPC - Sociedade Paranaense de Cardiologia\",\"description\":\"\",\"potentialAction\":[{\"@type\":\"SearchAction\",\"target\":{\"@type\":\"EntryPoint\",\"urlTemplate\":\"https:\\\/\\\/www.prcardio.org\\\/publico-geral\\\/?s={search_term_string}\"},\"query-input\":{\"@type\":\"PropertyValueSpecification\",\"valueRequired\":true,\"valueName\":\"search_term_string\"}}],\"inLanguage\":\"pt-BR\"}]}<\/script>\n<!-- \/ Yoast SEO plugin. -->","yoast_head_json":{"title":"SPC - Sociedade Paranaense de Cardiologia","robots":{"index":"index","follow":"follow","max-snippet":"max-snippet:-1","max-image-preview":"max-image-preview:large","max-video-preview":"max-video-preview:-1"},"canonical":"https:\/\/www.prcardio.org\/publico-geral\/contato\/","og_locale":"pt_BR","og_type":"article","og_title":"SPC - Sociedade Paranaense de Cardiologia","og_description":"CONTATO Adoramos que tenha passado um tempo em nosso site A Sociedade Paranaense de Cardiologia esta \u00e0 disposi\u00e7\u00e3o para atender oss\u00f3cios e profissionais da sa\u00fade. Fique a vontade para falar com a gente! sociedade@prcardio.org (41) 3232 &#8211; 8691 Rua Jo\u00e3o Negr\u00e3o, 731 &#8211; 401(4\u00ba andar)Centro Curitiba \u2013 Paran\u00e1 CEP 80010-200","og_url":"https:\/\/www.prcardio.org\/publico-geral\/contato\/","og_site_name":"SPC - Sociedade Paranaense de Cardiologia","article_modified_time":"2020-06-04T15:39:53+00:00","og_image":[{"url":"http:\/\/www.prcardio.org\/publico-geral\/wp-content\/uploads\/sites\/3\/2020\/04\/imagem-doutor-com-coracao.jpg","type":"","width":"","height":""}],"twitter_card":"summary_large_image","schema":{"@context":"https:\/\/schema.org","@graph":[{"@type":"WebPage","@id":"https:\/\/www.prcardio.org\/publico-geral\/contato\/","url":"https:\/\/www.prcardio.org\/publico-geral\/contato\/","name":"SPC - Sociedade Paranaense de Cardiologia","isPartOf":{"@id":"https:\/\/www.prcardio.org\/publico-geral\/#website"},"primaryImageOfPage":{"@id":"https:\/\/www.prcardio.org\/publico-geral\/contato\/#primaryimage"},"image":{"@id":"https:\/\/www.prcardio.org\/publico-geral\/contato\/#primaryimage"},"thumbnailUrl":"http:\/\/www.prcardio.org\/publico-geral\/wp-content\/uploads\/sites\/3\/2020\/04\/imagem-doutor-com-coracao.jpg","datePublished":"2020-03-21T18:49:14+00:00","dateModified":"2020-06-04T15:39:53+00:00","breadcrumb":{"@id":"https:\/\/www.prcardio.org\/publico-geral\/contato\/#breadcrumb"},"inLanguage":"pt-BR","potentialAction":[{"@type":"ReadAction","target":["https:\/\/www.prcardio.org\/publico-geral\/contato\/"]}]},{"@type":"ImageObject","inLanguage":"pt-BR","@id":"https:\/\/www.prcardio.org\/publico-geral\/contato\/#primaryimage","url":"http:\/\/www.prcardio.org\/publico-geral\/wp-content\/uploads\/sites\/3\/2020\/04\/imagem-doutor-com-coracao.jpg","contentUrl":"http:\/\/www.prcardio.org\/publico-geral\/wp-content\/uploads\/sites\/3\/2020\/04\/imagem-doutor-com-coracao.jpg"},{"@type":"BreadcrumbList","@id":"https:\/\/www.prcardio.org\/publico-geral\/contato\/#breadcrumb","itemListElement":[{"@type":"ListItem","position":1,"name":"In\u00edcio","item":"https:\/\/www.prcardio.org\/publico-geral\/"},{"@type":"ListItem","position":2,"name":"CONTATO"}]},{"@type":"WebSite","@id":"https:\/\/www.prcardio.org\/publico-geral\/#website","url":"https:\/\/www.prcardio.org\/publico-geral\/","name":"SPC - Sociedade Paranaense de Cardiologia","description":"","potentialAction":[{"@type":"SearchAction","target":{"@type":"EntryPoint","urlTemplate":"https:\/\/www.prcardio.org\/publico-geral\/?s={search_term_string}"},"query-input":{"@type":"PropertyValueSpecification","valueRequired":true,"valueName":"search_term_string"}}],"inLanguage":"pt-BR"}]}},"builder_content":"<h1>CONTATO<\/h1>\n<h4><em>Adoramos que tenha passado um tempo em nosso site<\/em><\/h4> <p>A Sociedade Paranaense de Cardiologia esta \u00e0 disposi\u00e7\u00e3o para atender os<br \/>s\u00f3cios e profissionais da sa\u00fade. Fique a vontade para falar com a gente!<\/p>\n<a href=\"mailto: sociedade@prcardio.org\"> <em><svg aria-hidden=\"true\"><use href=\"#tf-ti-email\"><\/use><\/svg><\/em> sociedade@prcardio.org <\/a> <em><svg aria-hidden=\"true\"><use href=\"#tf-fas-phone\"><\/use><\/svg><\/em> (41) 3232 - 8691 <em><svg aria-hidden=\"true\"><use href=\"#tf-fas-map-marker-alt\"><\/use><\/svg><\/em> Rua Jo\u00e3o Negr\u00e3o, 731 - 401(4\u00ba andar)<br>Centro Curitiba \u2013 Paran\u00e1 <br> CEP 80010-200\n<img src=\"http:\/\/www.prcardio.org\/publico-geral\/wp-content\/uploads\/sites\/3\/2020\/04\/imagem-doutor-com-coracao.jpg\" width=\"800\" height=\"533\" title=\"CONTATO\" alt=\"CONTATO\">\n<h4>[wpforms id=\"539\" title=\"false\" description=\"false\"]<\/h4>\n<h3><\/h3><iframe frameborder=\"0\" scrolling=\"no\" marginheight=\"0\" marginwidth=\"0\" src=\"https:\/\/maps.google.com\/maps?q=Rua+Jo%C3%A3o+Negr%C3%A3o%2C+731+-+401%284%C2%BA+andar%29+Centro+Curitiba+%E2%80%93+Paran%C3%A1+CEP+80010-200&amp;t=m&amp;z=18&amp;output=embed&amp;iwloc=near\"><\/iframe>","_links":{"self":[{"href":"https:\/\/www.prcardio.org\/publico-geral\/wp-json\/wp\/v2\/pages\/533","targetHints":{"allow":["GET"]}}],"collection":[{"href":"https:\/\/www.prcardio.org\/publico-geral\/wp-json\/wp\/v2\/pages"}],"about":[{"href":"https:\/\/www.prcardio.org\/publico-geral\/wp-json\/wp\/v2\/types\/page"}],"author":[{"embeddable":true,"href":"https:\/\/www.prcardio.org\/publico-geral\/wp-json\/wp\/v2\/users\/1"}],"replies":[{"embeddable":true,"href":"https:\/\/www.prcardio.org\/publico-geral\/wp-json\/wp\/v2\/comments?post=533"}],"version-history":[{"count":20,"href":"https:\/\/www.prcardio.org\/publico-geral\/wp-json\/wp\/v2\/pages\/533\/revisions"}],"predecessor-version":[{"id":841,"href":"https:\/\/www.prcardio.org\/publico-geral\/wp-json\/wp\/v2\/pages\/533\/revisions\/841"}],"wp:attachment":[{"href":"https:\/\/www.prcardio.org\/publico-geral\/wp-json\/wp\/v2\/media?parent=533"}],"curies":[{"name":"wp","href":"https:\/\/api.w.org\/{rel}","templated":true}]}}